{"id":78,"date":"2019-12-03T22:00:59","date_gmt":"2019-12-03T21:00:59","guid":{"rendered":"https:\/\/dampol.de\/index.php\/pawilon-6\/"},"modified":"2026-05-09T08:10:49","modified_gmt":"2026-05-09T06:10:49","slug":"pawilon-6","status":"publish","type":"page","link":"https:\/\/dampol.de\/index.php\/pawilon-6\/","title":{"rendered":"PAWILON 6"},"content":{"rendered":"<p>[et_pb_section fb_built=&#8221;1&#8243; _builder_version=&#8221;4.16&#8243; global_colors_info=&#8221;{}&#8221;][et_pb_row column_structure=&#8221;1_3,2_3&#8243; _builder_version=&#8221;4.16&#8243; global_colors_info=&#8221;{}&#8221;][et_pb_column type=&#8221;1_3&#8243; _builder_version=&#8221;4.16&#8243; global_colors_info=&#8221;{}&#8221;][et_pb_text _builder_version=&#8221;4.16&#8243; header_font=&#8221;Poppins|600||on|||||&#8221; header_text_color=&#8221;#181724&#8243; header_font_size=&#8221;35px&#8221; header_line_height=&#8221;1.2em&#8221; header_font_size_tablet=&#8221;&#8221; header_font_size_phone=&#8221;25px&#8221; header_font_size_last_edited=&#8221;on|desktop&#8221; global_colors_info=&#8221;{}&#8221;]<\/p>\n<h1>\nPAVILON 6<br \/>\n<\/h1>\n<p>[\/et_pb_text][et_pb_divider color=&#8221;#C11414&#8243; divider_weight=&#8221;4px&#8221; _builder_version=&#8221;4.16&#8243; max_width=&#8221;60px&#8221; module_alignment=&#8221;left&#8221; custom_margin=&#8221;-9px||&#8221; custom_margin_tablet=&#8221;-22px||16px&#8221; custom_margin_phone=&#8221;-24px||15px&#8221; custom_margin_last_edited=&#8221;on|tablet&#8221; global_colors_info=&#8221;{}&#8221;][\/et_pb_divider][et_pb_text _builder_version=&#8221;4.27.4&#8243; text_font=&#8221;Poppins||||||||&#8221; text_text_color=&#8221;#171724&#8243; text_font_size=&#8221;15px&#8221; text_line_height=&#8221;2em&#8221; max_width=&#8221;516px&#8221; max_width_tablet=&#8221;100%&#8221; max_width_phone=&#8221;&#8221; max_width_last_edited=&#8221;on|desktop&#8221; custom_margin=&#8221;-15px||&#8221; custom_padding=&#8221;|||||true&#8221; hover_enabled=&#8221;0&#8243; text_text_align=&#8221;left&#8221; global_colors_info=&#8221;{}&#8221; sticky_enabled=&#8221;0&#8243;]<\/p>\n<p>,<\/p>\n<p><span style=\"color: #ff0000;\">Moderne Klimaanlage, die per Fernbedienung und \u00fcber die Wi-Fi-Anwendung am Telefon gesteuert wird. Die Klimaanlage verf\u00fcgt \u00fcber Heizoptionen mit Regulierung und Luftionisierung 1199 euro netto\u00a0\u00a0<\/span><\/p>\n<p>&nbsp;<\/p>\n<p>Transport kostenlos + KRAN<br \/>Sehr gute Qualit\u00e4t,<br \/>Wir produzieren seit mehreren Jahren Pavillons<\/p>\n<p>9x6m &#8211; 26499 euro netto\u00a0 \u00a0 + transport + kran 1999 euro netto<\/p>\n<p>8x5m -22499 euro netto\u00a0 + transport + kran 1999 euro netto<\/p>\n<p>Die auf dem Foto sichtbaren elektrischen Au\u00dfenjalousien sind gegen Aufpreis erh\u00e4ltlich<\/p>\n<p>Lieferung + Montage ca. 8 Wochen<\/p>\n<p>Minik\u00fcche mit Warmwasserbereitung EUR 899 netto<\/p>\n<p>&nbsp;<\/p>\n<p><span>M\u00f6glichkeit der Installation einer kleinen K\u00fcche oder Toilette oder Badezimmer mit Dusche, zus\u00e4tzliche R\u00e4ume oder Fenster.<\/span><\/p>\n<p style=\"font-weight: 400;\"><strong>DER TRANSPORT UND DAS POSITIONIEREN DES CONTAINERS VOR ORT MIT UNSEREM AUTOKRAN IST KOSTENFREI<\/strong><\/p>\n<p style=\"font-weight: 400;\">Zum Kauf steht eine<strong><span>\u00a0<\/span>900x600cm<\/strong><span>\u00a0<\/span>zeitlos moderne und ganzj\u00e4hrige B\u00fcro- und Wohn- Containeranlage.<\/p>\n<p style=\"font-weight: 400;\">All unsere Container sind auf einem sehr stabilen Rahmen gebaut, sowie f\u00fcr den Transport mit Kranhaken versehen. Dadurch ist es m\u00f6glich, den Container mehrfach zu transportieren.<\/p>\n<p style=\"font-weight: 400;\">Bei Bedarf bauen wir auch Container mit Statik und vorgegebener\u00a0Dokumentation sowie technischer Planung.<\/p>\n<p style=\"font-weight: 400;\">Der Boden wurde aus 100 mm dicken Polyurethan-Kern\u00a0(W\u00e4rmedurchgangskoeffizient 0,22 W\/m2K)\u00a0und die W\u00e4nde sowie das Dach aus\u00a0100 mm\u00a0dicken Polystyrol-Kern\u00a0Sandwichplatten gefertigt.<\/p>\n<p style=\"font-weight: 400;\">Im Preis inbegriffen\u00a0ist\u00a0die Elektrik (Sicherungskasten, Deckenleuchten, Doppelsteckdosen, Schalter).<\/p>\n<p style=\"font-weight: 400;\">Es besteht die\u00a0\u00a0M\u00f6glichkeit weitere Fenster, Glasvitrinen, T\u00fcren, sowie eine Klimaanlage einzubauen. Unsere Klimaanlage besitzt zudem die Funktion der Ionisierung und filtert Partikel, wie z.B Bakterien und Viren, Pollen, Milbeneier und\u00a0 -ausscheidungen, St\u00e4ube, Aerosole und Rauchpartikel.<\/p>\n<p style=\"font-weight: 400;\">Zus\u00e4tzlich\u00a0k\u00f6nnen\u00a0wir Ihnen eine Raumunterteilung\u00a0im Container anbieten, wie z.B ein komplett ausgestattetes\u00a0Badezimmer mit Dusche, Waschbecken, Toilette oder eine K\u00fcche mit bereits eingebauter K\u00fcchenzeile.<\/p>\n<p style=\"font-weight: 400;\">Sie k\u00f6nnen\u00a0den Container au\u00dfen sowie innen individuell nach Ihren Bed\u00fcrfnissen und W\u00fcnschen\u00a0zusammenstellen, wir bieten auch andere Farben, Gr\u00f6\u00dfen und Design<\/p>\n<p>&nbsp;<\/p>\n<p>&nbsp;<\/p>\n<p>M\u00f6glichkeit der Installation einer kleinen K\u00fcche oder Toilette oder Badezimmer mit Dusche, zus\u00e4tzliche R\u00e4ume oder Fenster.<\/p>\n<p>&nbsp;<\/p>\n<p>geschwei\u00dfte Struktur des Pavillons, auf dem Foto gezeigt<\/p>\n<p>Der Preis beinhaltet den Transport und das Entladen mit unserem Kran<\/p>\n<p>F\u00fcr Unternehmen mit EU USt-IdNr. wird keine MwSt. berechnet (Preis gleich Mitnahmepreis).<\/p>\n<p>Transport ist im Preis inbegriffen<\/p>\n<p>12 Monate Gew\u00e4hrleistung<\/p>\n<p>Der Pavillon besteht aus Sandwichelementen mit einem 100 mm dicken Schaumkern. Feuerhemmendes Polystyrolschaum mit Feuerwiderstandsklasse E60 &#8211; RAL 7016 Anthrazit (Graphit) &#8211; W\u00e4rmedurchl\u00e4ssigkeit 0,38 W \/ m2K. Styropor nicht brandausbreitend mit Feuerwiderstandsklasse E60: RAL-Au\u00dfenfarbe zu bestimmen.<\/p>\n<p>Der Boden besteht aus Sandwichelementen mit einem Kern aus 100 mm Polyurethan. W\u00e4rmedurchl\u00e4ssigkeit 0,21 W \/ m2K. Feuerhemmendes Polyurethan mit PVC-Bodenbelag der Feuerwiderstandsklasse E60 OSB 12 mm.<\/p>\n<p>12 Monate Gew\u00e4hrleistung<br \/>Verkaufspavillon Verkaufscontainer B\u00fcrocontainer Handel Kiosk Designerb\u00fcro<\/p>\n<p>&nbsp;<\/p>\n<p>899 euro netto Minik\u00fcche mit Wasserhahn, Sp\u00fcle und im Tisch versteckter Warmwasserbereitung &#8211; graue Hochglanztische<\/p>\n<p>&nbsp;<\/p>\n<p>&nbsp;<\/p>\n<p>Pavillons mit voller Elektrik &#8211; Schalter x 2 Stk., Doppelsteckdose x 2 Stk. Kasten mit Sicherungen, alle in Streifen verteilt.<br \/>Sites x2 + verglaste Aluminiumt\u00fcren.<\/p>\n<p>Bei Ausf\u00fchrung der Bestellung ist zun\u00e4chst eine Zahlung von 15% auf das Konto Der Restbetrag ist bei Lieferung zu zahlen<\/p>\n<p>[\/et_pb_text][\/et_pb_column][et_pb_column type=&#8221;2_3&#8243; _builder_version=&#8221;4.16&#8243; global_colors_info=&#8221;{}&#8221;][et_pb_gallery gallery_ids=&#8221;1344,2643,2175,1346,1343,1345,1424,1420,1421,1390&#8243; posts_number=&#8221;25&#8243; show_title_and_caption=&#8221;off&#8221; show_pagination=&#8221;off&#8221; zoom_icon_color=&#8221;#000000&#8243; hover_overlay_color=&#8221;rgba(255,255,255,0.49)&#8221; hover_icon=&#8221;&#x54;||divi||400&#8243; _builder_version=&#8221;4.27.4&#8243; global_colors_info=&#8221;{}&#8221;][\/et_pb_gallery][\/et_pb_column][\/et_pb_row][\/et_pb_section][et_pb_section fb_built=&#8221;1&#8243; _builder_version=&#8221;4.16&#8243; background_color=&#8221;#15224D&#8221; custom_padding=&#8221;24px||24px||true&#8221; global_colors_info=&#8221;{}&#8221;][et_pb_row use_custom_gutter=&#8221;on&#8221; gutter_width=&#8221;2&#8243; make_equal=&#8221;on&#8221; _builder_version=&#8221;4.16&#8243; width=&#8221;98%&#8221; width_tablet=&#8221;90%&#8221; width_phone=&#8221;90%&#8221; width_last_edited=&#8221;on|tablet&#8221; max_width=&#8221;1140px&#8221; max_width_tablet=&#8221;90%&#8221; max_width_phone=&#8221;90%&#8221; max_width_last_edited=&#8221;on|phone&#8221; custom_padding=&#8221;|||||&#8221; global_colors_info=&#8221;{}&#8221;][et_pb_column type=&#8221;4_4&#8243; _builder_version=&#8221;4.16&#8243; global_colors_info=&#8221;{}&#8221;][et_pb_text _builder_version=&#8221;4.16&#8243; header_font=&#8221;Poppins|600||on|||||&#8221; header_text_align=&#8221;left&#8221; header_text_color=&#8221;#ffffff&#8221; header_font_size=&#8221;28px&#8221; header_line_height=&#8221;1.2em&#8221; custom_padding=&#8221;5px||&#8221; header_font_size_tablet=&#8221;&#8221; header_font_size_phone=&#8221;25px&#8221; header_font_size_last_edited=&#8221;on|desktop&#8221; global_colors_info=&#8221;{}&#8221;]<\/p>\n<h1 style=\"text-align: center;\">E-mail<\/p>\n<p>KOMMERZIELLE PAVILLONS<br \/>\n<\/h1>\n<p>[\/et_pb_text][\/et_pb_column][\/et_pb_row][\/et_pb_section]<\/p>\n","protected":false},"excerpt":{"rendered":"<p>PAVILON 6 , Moderne Klimaanlage, die per Fernbedienung und \u00fcber die Wi-Fi-Anwendung am Telefon gesteuert wird. Die Klimaanlage verf\u00fcgt \u00fcber Heizoptionen mit Regulierung und Luftionisierung 1199 euro netto\u00a0\u00a0 &nbsp; Transport kostenlos + KRANSehr gute Qualit\u00e4t,Wir produzieren seit mehreren Jahren Pavillons 9x6m &#8211; 26499 euro netto\u00a0 \u00a0 + transport + kran 1999 euro netto 8x5m -22499 [&hellip;]<\/p>\n","protected":false},"author":1,"featured_media":0,"parent":0,"menu_order":0,"comment_status":"closed","ping_status":"closed","template":"","meta":{"_et_pb_use_builder":"on","_et_pb_old_content":"","_et_gb_content_width":"","footnotes":""},"class_list":["post-78","page","type-page","status-publish","hentry"],"yoast_head":"<!-- This site is optimized with the Yoast SEO plugin v27.5 - https:\/\/yoast.com\/product\/yoast-seo-wordpress\/ -->\n<title>B\u00fcrocontainer - Dampol<\/title>\n<meta name=\"description\" content=\"B\u00fcrocontainer Wir produzieren Container und B\u00fcrocontainer f\u00fcr Unternehmen und Privathaushalte in verschiedenen Gr\u00f6\u00dfen\" \/>\n<meta name=\"robots\" content=\"index, follow, max-snippet:-1, max-image-preview:large, max-video-preview:-1\" \/>\n<link rel=\"canonical\" href=\"https:\/\/dampol.de\/index.php\/pawilon-6\/\" \/>\n<meta property=\"og:locale\" content=\"pl_PL\" \/>\n<meta property=\"og:type\" content=\"article\" \/>\n<meta property=\"og:title\" content=\"B\u00fcrocontainer - Dampol\" \/>\n<meta property=\"og:description\" content=\"B\u00fcrocontainer Wir produzieren Container und B\u00fcrocontainer f\u00fcr Unternehmen und Privathaushalte in verschiedenen Gr\u00f6\u00dfen\" \/>\n<meta property=\"og:url\" content=\"https:\/\/dampol.de\/index.php\/pawilon-6\/\" \/>\n<meta property=\"og:site_name\" content=\"B\u00fcrocontainer - Dampol\" \/>\n<meta property=\"article:publisher\" content=\"http:\/\/dampol.de\" \/>\n<meta property=\"article:modified_time\" content=\"2026-05-09T06:10:49+00:00\" \/>\n<meta name=\"twitter:card\" content=\"summary_large_image\" \/>\n<meta name=\"twitter:site\" content=\"@DAMPOL\" \/>\n<meta name=\"twitter:label1\" content=\"Szacowany czas czytania\" \/>\n\t<meta name=\"twitter:data1\" content=\"4 minuty\" \/>\n<script type=\"application\/ld+json\" class=\"yoast-schema-graph\">{\"@context\":\"https:\\\/\\\/schema.org\",\"@graph\":[{\"@type\":\"WebPage\",\"@id\":\"https:\\\/\\\/dampol.de\\\/index.php\\\/pawilon-6\\\/\",\"url\":\"https:\\\/\\\/dampol.de\\\/index.php\\\/pawilon-6\\\/\",\"name\":\"B\u00fcrocontainer - Dampol\",\"isPartOf\":{\"@id\":\"https:\\\/\\\/dampol.de\\\/#website\"},\"datePublished\":\"2019-12-03T21:00:59+00:00\",\"dateModified\":\"2026-05-09T06:10:49+00:00\",\"description\":\"B\u00fcrocontainer Wir produzieren Container und B\u00fcrocontainer f\u00fcr Unternehmen und Privathaushalte in verschiedenen Gr\u00f6\u00dfen\",\"breadcrumb\":{\"@id\":\"https:\\\/\\\/dampol.de\\\/index.php\\\/pawilon-6\\\/#breadcrumb\"},\"inLanguage\":\"pl-PL\",\"potentialAction\":[{\"@type\":\"ReadAction\",\"target\":[\"https:\\\/\\\/dampol.de\\\/index.php\\\/pawilon-6\\\/\"]}]},{\"@type\":\"BreadcrumbList\",\"@id\":\"https:\\\/\\\/dampol.de\\\/index.php\\\/pawilon-6\\\/#breadcrumb\",\"itemListElement\":[{\"@type\":\"ListItem\",\"position\":1,\"name\":\"Home\",\"item\":\"https:\\\/\\\/dampol.de\\\/\"},{\"@type\":\"ListItem\",\"position\":2,\"name\":\"PAWILON 6\"}]},{\"@type\":\"WebSite\",\"@id\":\"https:\\\/\\\/dampol.de\\\/#website\",\"url\":\"https:\\\/\\\/dampol.de\\\/\",\"name\":\"Dampol Pawilony\",\"description\":\"B\u00fcrocontainer   Wir produzieren Container und B\u00fcrocontainer f\u00fcr Unternehmen und Privathaushalte in verschiedenen Gr\u00f6\u00dfen\",\"publisher\":{\"@id\":\"https:\\\/\\\/dampol.de\\\/#organization\"},\"potentialAction\":[{\"@type\":\"SearchAction\",\"target\":{\"@type\":\"EntryPoint\",\"urlTemplate\":\"https:\\\/\\\/dampol.de\\\/?s={search_term_string}\"},\"query-input\":{\"@type\":\"PropertyValueSpecification\",\"valueRequired\":true,\"valueName\":\"search_term_string\"}}],\"inLanguage\":\"pl-PL\"},{\"@type\":\"Organization\",\"@id\":\"https:\\\/\\\/dampol.de\\\/#organization\",\"name\":\"Dampol\",\"url\":\"https:\\\/\\\/dampol.de\\\/\",\"logo\":{\"@type\":\"ImageObject\",\"inLanguage\":\"pl-PL\",\"@id\":\"https:\\\/\\\/dampol.de\\\/#\\\/schema\\\/logo\\\/image\\\/\",\"url\":\"https:\\\/\\\/dampol.de\\\/wp-content\\\/uploads\\\/2020\\\/01\\\/IMG_20191222_132827-7.jpg\",\"contentUrl\":\"https:\\\/\\\/dampol.de\\\/wp-content\\\/uploads\\\/2020\\\/01\\\/IMG_20191222_132827-7.jpg\",\"width\":1800,\"height\":2397,\"caption\":\"Dampol\"},\"image\":{\"@id\":\"https:\\\/\\\/dampol.de\\\/#\\\/schema\\\/logo\\\/image\\\/\"},\"sameAs\":[\"http:\\\/\\\/dampol.de\",\"https:\\\/\\\/x.com\\\/DAMPOL\"]}]}<\/script>\n<!-- \/ Yoast SEO plugin. -->","yoast_head_json":{"title":"B\u00fcrocontainer - Dampol","description":"B\u00fcrocontainer Wir produzieren Container und B\u00fcrocontainer f\u00fcr Unternehmen und Privathaushalte in verschiedenen Gr\u00f6\u00dfen","robots":{"index":"index","follow":"follow","max-snippet":"max-snippet:-1","max-image-preview":"max-image-preview:large","max-video-preview":"max-video-preview:-1"},"canonical":"https:\/\/dampol.de\/index.php\/pawilon-6\/","og_locale":"pl_PL","og_type":"article","og_title":"B\u00fcrocontainer - Dampol","og_description":"B\u00fcrocontainer Wir produzieren Container und B\u00fcrocontainer f\u00fcr Unternehmen und Privathaushalte in verschiedenen Gr\u00f6\u00dfen","og_url":"https:\/\/dampol.de\/index.php\/pawilon-6\/","og_site_name":"B\u00fcrocontainer - Dampol","article_publisher":"http:\/\/dampol.de","article_modified_time":"2026-05-09T06:10:49+00:00","twitter_card":"summary_large_image","twitter_site":"@DAMPOL","twitter_misc":{"Szacowany czas czytania":"4 minuty"},"schema":{"@context":"https:\/\/schema.org","@graph":[{"@type":"WebPage","@id":"https:\/\/dampol.de\/index.php\/pawilon-6\/","url":"https:\/\/dampol.de\/index.php\/pawilon-6\/","name":"B\u00fcrocontainer - Dampol","isPartOf":{"@id":"https:\/\/dampol.de\/#website"},"datePublished":"2019-12-03T21:00:59+00:00","dateModified":"2026-05-09T06:10:49+00:00","description":"B\u00fcrocontainer Wir produzieren Container und B\u00fcrocontainer f\u00fcr Unternehmen und Privathaushalte in verschiedenen Gr\u00f6\u00dfen","breadcrumb":{"@id":"https:\/\/dampol.de\/index.php\/pawilon-6\/#breadcrumb"},"inLanguage":"pl-PL","potentialAction":[{"@type":"ReadAction","target":["https:\/\/dampol.de\/index.php\/pawilon-6\/"]}]},{"@type":"BreadcrumbList","@id":"https:\/\/dampol.de\/index.php\/pawilon-6\/#breadcrumb","itemListElement":[{"@type":"ListItem","position":1,"name":"Home","item":"https:\/\/dampol.de\/"},{"@type":"ListItem","position":2,"name":"PAWILON 6"}]},{"@type":"WebSite","@id":"https:\/\/dampol.de\/#website","url":"https:\/\/dampol.de\/","name":"Dampol Pawilony","description":"B\u00fcrocontainer   Wir produzieren Container und B\u00fcrocontainer f\u00fcr Unternehmen und Privathaushalte in verschiedenen Gr\u00f6\u00dfen","publisher":{"@id":"https:\/\/dampol.de\/#organization"},"potentialAction":[{"@type":"SearchAction","target":{"@type":"EntryPoint","urlTemplate":"https:\/\/dampol.de\/?s={search_term_string}"},"query-input":{"@type":"PropertyValueSpecification","valueRequired":true,"valueName":"search_term_string"}}],"inLanguage":"pl-PL"},{"@type":"Organization","@id":"https:\/\/dampol.de\/#organization","name":"Dampol","url":"https:\/\/dampol.de\/","logo":{"@type":"ImageObject","inLanguage":"pl-PL","@id":"https:\/\/dampol.de\/#\/schema\/logo\/image\/","url":"https:\/\/dampol.de\/wp-content\/uploads\/2020\/01\/IMG_20191222_132827-7.jpg","contentUrl":"https:\/\/dampol.de\/wp-content\/uploads\/2020\/01\/IMG_20191222_132827-7.jpg","width":1800,"height":2397,"caption":"Dampol"},"image":{"@id":"https:\/\/dampol.de\/#\/schema\/logo\/image\/"},"sameAs":["http:\/\/dampol.de","https:\/\/x.com\/DAMPOL"]}]}},"_links":{"self":[{"href":"https:\/\/dampol.de\/index.php\/wp-json\/wp\/v2\/pages\/78","targetHints":{"allow":["GET"]}}],"collection":[{"href":"https:\/\/dampol.de\/index.php\/wp-json\/wp\/v2\/pages"}],"about":[{"href":"https:\/\/dampol.de\/index.php\/wp-json\/wp\/v2\/types\/page"}],"author":[{"embeddable":true,"href":"https:\/\/dampol.de\/index.php\/wp-json\/wp\/v2\/users\/1"}],"replies":[{"embeddable":true,"href":"https:\/\/dampol.de\/index.php\/wp-json\/wp\/v2\/comments?post=78"}],"version-history":[{"count":21,"href":"https:\/\/dampol.de\/index.php\/wp-json\/wp\/v2\/pages\/78\/revisions"}],"predecessor-version":[{"id":2747,"href":"https:\/\/dampol.de\/index.php\/wp-json\/wp\/v2\/pages\/78\/revisions\/2747"}],"wp:attachment":[{"href":"https:\/\/dampol.de\/index.php\/wp-json\/wp\/v2\/media?parent=78"}],"curies":[{"name":"wp","href":"https:\/\/api.w.org\/{rel}","templated":true}]}}