{"id":2085,"date":"2024-10-04T13:22:35","date_gmt":"2024-10-04T11:22:35","guid":{"rendered":"https:\/\/dampol.de\/?page_id=2085"},"modified":"2026-01-31T09:33:52","modified_gmt":"2026-01-31T08:33:52","slug":"pawilon-24","status":"publish","type":"page","link":"https:\/\/dampol.de\/index.php\/pawilon-24\/","title":{"rendered":"Pawilon 24"},"content":{"rendered":"<p>[et_pb_section fb_built=&#8221;1&#8243; _builder_version=&#8221;4.16&#8243; global_colors_info=&#8221;{}&#8221;][et_pb_row column_structure=&#8221;1_3,2_3&#8243; _builder_version=&#8221;4.27.2&#8243; module_alignment=&#8221;center&#8221; custom_margin=&#8221;|auto||42px||&#8221; custom_padding=&#8221;|||6px||&#8221; global_colors_info=&#8221;{}&#8221;][et_pb_column type=&#8221;1_3&#8243; _builder_version=&#8221;4.16&#8243; global_colors_info=&#8221;{}&#8221;][et_pb_text _builder_version=&#8221;4.27.2&#8243; header_font=&#8221;Poppins|600||on|||||&#8221; header_text_color=&#8221;#181724&#8243; header_font_size=&#8221;35px&#8221; header_line_height=&#8221;1.2em&#8221; header_font_size_tablet=&#8221;&#8221; header_font_size_phone=&#8221;25px&#8221; header_font_size_last_edited=&#8221;on|desktop&#8221; global_colors_info=&#8221;{}&#8221;]<\/p>\n<h1>PAWILON 24<\/h1>\n<p>[\/et_pb_text][et_pb_divider color=&#8221;#C11414&#8243; divider_weight=&#8221;4px&#8221; _builder_version=&#8221;4.16&#8243; max_width=&#8221;60px&#8221; module_alignment=&#8221;left&#8221; custom_margin=&#8221;-9px||29px|||&#8221; custom_margin_tablet=&#8221;-22px||16px&#8221; custom_margin_phone=&#8221;-24px||15px&#8221; custom_margin_last_edited=&#8221;on|tablet&#8221; global_colors_info=&#8221;{}&#8221;][\/et_pb_divider][et_pb_text _builder_version=&#8221;4.27.4&#8243; text_font=&#8221;Poppins||||||||&#8221; text_text_color=&#8221;#171724&#8243; text_font_size=&#8221;15px&#8221; text_line_height=&#8221;2em&#8221; max_width=&#8221;516px&#8221; max_width_tablet=&#8221;100%&#8221; max_width_phone=&#8221;&#8221; max_width_last_edited=&#8221;on|desktop&#8221; custom_margin=&#8221;-15px||&#8221; custom_padding=&#8221;7px|8px||8px||true&#8221; hover_enabled=&#8221;0&#8243; text_text_align=&#8221;left&#8221; global_colors_info=&#8221;{}&#8221; sticky_enabled=&#8221;0&#8243;]<\/p>\n<p>&nbsp;<\/p>\n<p><span style=\"color: #ff0000;\"><strong>Moderne Klimaanlage, die per Fernbedienung und \u00fcber die Wi-Fi-Anwendung am Telefon gesteuert wird. Die Klimaanlage verf\u00fcgt \u00fcber Heizoptionen mit Regulierung und Luftionisierung 1099 euro netto\u00a0<\/strong><\/span><\/p>\n<p>&nbsp;<\/p>\n<p><strong>Entladen mit unserer Kran\u00a0<\/strong><\/p>\n<p>&nbsp;<\/p>\n<p>&nbsp;<\/p>\n<p dir=\"ltr\">Sehr gute Qualit\u00e4t,<\/p>\n<p dir=\"ltr\">Wir produzieren seit mehreren Jahren Pavillons<\/p>\n<p dir=\"ltr\">Wenn Sie Fragen haben, schreiben Sie uns bitte<\/p>\n<p class=\"text-force-linebreak \" itemprop=\"description\">6&#215;6 &#8211; 21999 euro netto !!!<\/p>\n<p class=\"text-force-linebreak \" itemprop=\"description\"><span>kostenlose Installation<\/span><\/p>\n<p dir=\"ltr\">F\u00fcr Unternehmen mit EU USt-IdNr. wird keine MwSt. berechnet (Preis gleich Mitnahmepreis).<\/p>\n<p>&nbsp;<\/p>\n<p dir=\"ltr\">Der Preis beinhaltet den Transport und das Entladen mit unserem Kran<\/p>\n<p><span rwr=\"1\">\u00a0<\/span><\/p>\n<p dir=\"ltr\"><span>Transport im Preis inbegriffen<\/span><span rwr=\"1\"><\/span><\/p>\n<p dir=\"ltr\"><span>12 Monate Garantie<\/span><\/p>\n<div>\n<div>\u00a0Transport und die Platzierung des Containers vor Ort mit unserem LKW-Kran ist kostenlos<\/div>\n<div><\/div>\n<div>Es besteht die M\u00f6glichkeit, einen zeitlos modernen und ganzj\u00e4hrig nutzbaren B\u00fcro- und Wohncontainer mit den Ma\u00dfen 700x300cm zu erwerben.<\/div>\n<div><\/div>\n<div>Alle unsere Container sind auf einem sehr stabilen Rahmen aufgebaut und f\u00fcr den Transport mit Kranhaken ausgestattet. Dadurch ist ein mehrfacher Transport des Containers m\u00f6glich.<\/div>\n<div><\/div>\n<div>Bei Bedarf bauen wir auch Container mit Statik und spezifischer Dokumentation und technischer Planung.<\/div>\n<div><\/div>\n<div>Der Boden bestand aus einem 100 mm dicken Polyurethan-Kern (W\u00e4rmedurchgangskoeffizient 0,22 W\/m2K), die W\u00e4nde und das Dach bestanden aus Sandwichpaneelen mit einem 100 mm dicken Polyurethan-Kern (W\u00e4rmedurchgangskoeffizient 0,38 W\/m2K).<\/div>\n<div><\/div>\n<div><b>Im Preis inbegriffen ist die Elektroinstallation (Sicherungskasten, Deckenlampen, Doppelsteckdosen, Schalter).<\/b><\/div>\n<div><b>Der Preis beinhaltet nicht die auf dem Foto sichtbare Klimaanlage und die auf dem Foto sichtbaren elektrischen Jalousien<\/b><\/div>\n<div><\/div>\n<div>Es ist m\u00f6glich, zus\u00e4tzliche Fenster, Glasvitrinen, T\u00fcren und eine Klimaanlage einzubauen. Unsere Klimaanlage verf\u00fcgt au\u00dferdem \u00fcber eine Ionisationsfunktion und filtert Partikel wie Bakterien und Viren, Pollen, Milbeneier und -kot, Staub, Aerosole und Rauchpartikel. Eine Klimaanlage kostet nur 1099 Euro.<\/div>\n<div><\/div>\n<div>Wir k\u00f6nnen Ihnen auch eine Aufteilung der R\u00e4ume im Container anbieten, z. B. in ein voll ausgestattetes Badezimmer mit Dusche, Waschbecken, Toilette oder eine K\u00fcche mit eingebauter K\u00fcchenzeile.<\/div>\n<div><\/div>\n<div>Sie k\u00f6nnen die Au\u00dfen- und Innenseite des Beh\u00e4lters individuell nach Ihren Bed\u00fcrfnissen und W\u00fcnschen kombinieren, wir bieten auch andere Farben, Gr\u00f6\u00dfen und Muster an.<\/div>\n<div><\/div>\n<div>BITTE KONTAKTIEREN SIE UNS ZUR VERF\u00dcGBARKEIT, LIEFERZEITEN UND \u00c4NDERUNGSW\u00dcNSCHEN.<\/div>\n<\/div>\n<p>[\/et_pb_text][\/et_pb_column][et_pb_column type=&#8221;2_3&#8243; _builder_version=&#8221;4.16&#8243; global_colors_info=&#8221;{}&#8221;][et_pb_gallery gallery_ids=&#8221;2673,2676,2675,2674,2567&#8243; posts_number=&#8221;25&#8243; show_title_and_caption=&#8221;off&#8221; show_pagination=&#8221;off&#8221; zoom_icon_color=&#8221;#000000&#8243; hover_overlay_color=&#8221;rgba(255,255,255,0.49)&#8221; hover_icon=&#8221;&#x54;||divi||400&#8243; _builder_version=&#8221;4.27.4&#8243; hover_enabled=&#8221;0&#8243; global_colors_info=&#8221;{}&#8221; sticky_enabled=&#8221;0&#8243;][\/et_pb_gallery][\/et_pb_column][\/et_pb_row][\/et_pb_section][et_pb_section fb_built=&#8221;1&#8243; _builder_version=&#8221;4.16&#8243; background_color=&#8221;#15224D&#8221; custom_padding=&#8221;24px||24px||true&#8221; global_colors_info=&#8221;{}&#8221;][et_pb_row use_custom_gutter=&#8221;on&#8221; gutter_width=&#8221;2&#8243; make_equal=&#8221;on&#8221; _builder_version=&#8221;4.16&#8243; width=&#8221;98%&#8221; width_tablet=&#8221;90%&#8221; width_phone=&#8221;90%&#8221; width_last_edited=&#8221;on|tablet&#8221; max_width=&#8221;1140px&#8221; max_width_tablet=&#8221;90%&#8221; max_width_phone=&#8221;90%&#8221; max_width_last_edited=&#8221;on|phone&#8221; custom_padding=&#8221;|||||&#8221; global_colors_info=&#8221;{}&#8221;][et_pb_column type=&#8221;4_4&#8243; _builder_version=&#8221;4.16&#8243; global_colors_info=&#8221;{}&#8221;][et_pb_text _builder_version=&#8221;4.16&#8243; header_font=&#8221;Poppins|600||on|||||&#8221; header_text_align=&#8221;left&#8221; header_text_color=&#8221;#ffffff&#8221; header_font_size=&#8221;28px&#8221; header_line_height=&#8221;1.2em&#8221; custom_padding=&#8221;5px||&#8221; header_font_size_tablet=&#8221;&#8221; header_font_size_phone=&#8221;25px&#8221; header_font_size_last_edited=&#8221;on|desktop&#8221; global_colors_info=&#8221;{}&#8221;]<\/p>\n<h1 style=\"text-align: center;\">E-mail<\/p>\n<p>KOMMERZIELLE PAVILLONS<br \/>\n<\/h1>\n<p>[\/et_pb_text][\/et_pb_column][\/et_pb_row][\/et_pb_section]<\/p>\n","protected":false},"excerpt":{"rendered":"<p>PAWILON 24 &nbsp; Moderne Klimaanlage, die per Fernbedienung und \u00fcber die Wi-Fi-Anwendung am Telefon gesteuert wird. Die Klimaanlage verf\u00fcgt \u00fcber Heizoptionen mit Regulierung und Luftionisierung 1099 euro netto\u00a0 &nbsp; Entladen mit unserer Kran\u00a0 &nbsp; &nbsp; Sehr gute Qualit\u00e4t, Wir produzieren seit mehreren Jahren Pavillons Wenn Sie Fragen haben, schreiben Sie uns bitte 6&#215;6 &#8211; 21999 [&hellip;]<\/p>\n","protected":false},"author":1,"featured_media":0,"parent":0,"menu_order":0,"comment_status":"closed","ping_status":"closed","template":"","meta":{"_et_pb_use_builder":"on","_et_pb_old_content":"[et_pb_section fb_built=\"1\" _builder_version=\"4.16\" global_colors_info=\"{}\"][et_pb_row column_structure=\"1_3,2_3\" _builder_version=\"4.16\" custom_margin=\"|auto||42px||\" custom_padding=\"|||6px||\" global_colors_info=\"{}\"][et_pb_column type=\"1_3\" _builder_version=\"4.16\" global_colors_info=\"{}\"][et_pb_text _builder_version=\"4.16\" header_font=\"Poppins|600||on|||||\" header_text_color=\"#181724\" header_font_size=\"35px\" header_line_height=\"1.2em\" header_font_size_tablet=\"\" header_font_size_phone=\"25px\" header_font_size_last_edited=\"on|desktop\" global_colors_info=\"{}\"]<h1>\r\npAWILON 1\r\n<\/h1>[\/et_pb_text][et_pb_divider color=\"#C11414\" divider_weight=\"4px\" _builder_version=\"4.16\" max_width=\"60px\" module_alignment=\"left\" custom_margin=\"-9px||29px|||\" custom_margin_tablet=\"-22px||16px\" custom_margin_phone=\"-24px||15px\" custom_margin_last_edited=\"on|tablet\" global_colors_info=\"{}\"][\/et_pb_divider][et_pb_text _builder_version=\"4.25.0\" text_font=\"Poppins||||||||\" text_text_color=\"#171724\" text_font_size=\"15px\" text_line_height=\"2em\" max_width=\"516px\" max_width_tablet=\"100%\" max_width_phone=\"\" max_width_last_edited=\"on|desktop\" custom_margin=\"-15px||\" custom_padding=\"7px|63px||63px||true\" hover_enabled=\"0\" text_text_align=\"left\" global_colors_info=\"{}\" sticky_enabled=\"0\"]<p>\u00a0<\/p>\r\n<p><span style=\"color: #ff0000;\"><strong>Moderne Klimaanlage, die per Fernbedienung und \u00fcber die Wi-Fi-Anwendung am Telefon gesteuert wird. Die Klimaanlage verf\u00fcgt \u00fcber Heizoptionen mit Regulierung und Luftionisierung 1099 euro netto\u00a0<\/strong><\/span><\/p>\r\n<p>\u00a0<\/p>\r\n<p>\u00a0<\/p>\r\n<p><strong>Entladen mit unserer Kran\u00a0<\/strong><\/p>\r\n<p>Liferung +\/- 5 woche<\/p>\r\n<p>9x3m -13399 euro netto + KRAN FREE<\/p>\r\n<p>8x3- 12799 euro netto<\/p>\r\n<p>6x3 - 9999 euro netto + KRAN FREE<\/p>\r\n<p>versandkostenfrei, transport ist bereits im preis enthalten<\/p>\r\n<p>12 Monate Gew\u00e4hrleistung<\/p>\r\n<p>\u00a0<\/p>\r\n<p>zus\u00e4tzliches Fenster an der Seite des Pavillons ohne \u00d6ffnung zus\u00e4tzlich 299 Euro netto<\/p>\r\n<p>Fenster mit \u00d6ffnungs- und Kippm\u00f6glichkeit 599 euro netto<\/p>\r\n<p><span>Heizung 1x Elektroheizung an der Wand h\u00e4ngend - 299 euro netto<\/span><\/p>\r\n<p><span>M\u00f6glichkeit der Installation einer kleinen K\u00fcche oder Toilette oder Badezimmer mit Dusche, zus\u00e4tzliche R\u00e4ume oder Fenster.<\/span><\/p>\r\n<p>\u00a0<\/p>\r\n<p>\u00a0<\/p>\r\n<p>\u00a0<\/p>\r\n<p>\u00a0<\/p>\r\n<p>.LED-Beleuchtung ( 2x 36w )<br \/>12 Monate Gew\u00e4hrleistung<br \/>Verkaufspavillon Verkaufscontainer B\u00fcrocontainer Handel Kiosk Designerb\u00fcro<\/p>\r\n<p>Klimaanlage mit Heizm\u00f6glichkeit an kalten Tagen - 1099 euro netto<\/p>\r\n<p>Pavillons mit voller Elektrik - Schalter x 2 Stk., Doppelsteckdose x 2 Stk. Kasten mit Sicherungen, alle in Streifen verteilt.<br \/>Sites x2 + verglaste Aluminiumt\u00fcren.<\/p>\r\n<p>Bei Ausf\u00fchrung der Bestellung ist zun\u00e4chst eine Zahlung von 15% auf das Konto Der Restbetrag ist bei Lieferung zu zahlen<\/p>\r\n<p>\u00a0<\/p>\r\n<p>Entladen mit unserer Kran<\/p>[\/et_pb_text][\/et_pb_column][et_pb_column type=\"2_3\" _builder_version=\"4.16\" global_colors_info=\"{}\"][et_pb_gallery gallery_ids=\"1116,1283,1140,1141,1142,1357,1356,1355,1354,1353,1352,1351,1649,1650,1651,1652,1653,1654,1655,1656,1657,1658,1659,1660,1661,1804,1805,1810\" posts_number=\"25\" show_title_and_caption=\"off\" show_pagination=\"off\" zoom_icon_color=\"#000000\" hover_overlay_color=\"rgba(255,255,255,0.49)\" hover_icon=\"T||divi||400\" _builder_version=\"4.22.2\" global_colors_info=\"{}\"][\/et_pb_gallery][\/et_pb_column][\/et_pb_row][\/et_pb_section][et_pb_section fb_built=\"1\" _builder_version=\"4.16\" background_color=\"#15224D\" custom_padding=\"24px||24px||true\" global_colors_info=\"{}\"][et_pb_row use_custom_gutter=\"on\" gutter_width=\"2\" make_equal=\"on\" _builder_version=\"4.16\" width=\"98%\" width_tablet=\"90%\" width_phone=\"90%\" width_last_edited=\"on|tablet\" max_width=\"1140px\" max_width_tablet=\"90%\" max_width_phone=\"90%\" max_width_last_edited=\"on|phone\" custom_padding=\"|||||\" global_colors_info=\"{}\"][et_pb_column type=\"4_4\" _builder_version=\"4.16\" global_colors_info=\"{}\"][et_pb_text _builder_version=\"4.16\" header_font=\"Poppins|600||on|||||\" header_text_align=\"left\" header_text_color=\"#ffffff\" header_font_size=\"28px\" header_line_height=\"1.2em\" custom_padding=\"5px||\" header_font_size_tablet=\"\" header_font_size_phone=\"25px\" header_font_size_last_edited=\"on|desktop\" global_colors_info=\"{}\"]<h1 style=\"text-align: center;\">E-mail\r\n\r\nKOMMERZIELLE PAVILLONS\r\n<\/h1>[\/et_pb_text][\/et_pb_column][\/et_pb_row][\/et_pb_section]","_et_gb_content_width":"","footnotes":""},"class_list":["post-2085","page","type-page","status-publish","hentry"],"yoast_head":"<!-- This site is optimized with the Yoast SEO plugin v27.5 - https:\/\/yoast.com\/product\/yoast-seo-wordpress\/ -->\n<title>Pawilon 24 - B\u00fcrocontainer - Dampol<\/title>\n<meta name=\"robots\" content=\"index, follow, max-snippet:-1, max-image-preview:large, max-video-preview:-1\" \/>\n<link rel=\"canonical\" href=\"https:\/\/dampol.de\/index.php\/pawilon-24\/\" \/>\n<meta property=\"og:locale\" content=\"pl_PL\" \/>\n<meta property=\"og:type\" content=\"article\" \/>\n<meta property=\"og:title\" content=\"Pawilon 24 - B\u00fcrocontainer - Dampol\" \/>\n<meta property=\"og:description\" content=\"PAWILON 24 &nbsp; Moderne Klimaanlage, die per Fernbedienung und \u00fcber die Wi-Fi-Anwendung am Telefon gesteuert wird. Die Klimaanlage verf\u00fcgt \u00fcber Heizoptionen mit Regulierung und Luftionisierung 1099 euro netto\u00a0 &nbsp; Entladen mit unserer Kran\u00a0 &nbsp; &nbsp; Sehr gute Qualit\u00e4t, Wir produzieren seit mehreren Jahren Pavillons Wenn Sie Fragen haben, schreiben Sie uns bitte 6x6 - 21999 [&hellip;]\" \/>\n<meta property=\"og:url\" content=\"https:\/\/dampol.de\/index.php\/pawilon-24\/\" \/>\n<meta property=\"og:site_name\" content=\"B\u00fcrocontainer - Dampol\" \/>\n<meta property=\"article:publisher\" content=\"http:\/\/dampol.de\" \/>\n<meta property=\"article:modified_time\" content=\"2026-01-31T08:33:52+00:00\" \/>\n<meta name=\"twitter:card\" content=\"summary_large_image\" \/>\n<meta name=\"twitter:site\" content=\"@DAMPOL\" \/>\n<meta name=\"twitter:label1\" content=\"Szacowany czas czytania\" \/>\n\t<meta name=\"twitter:data1\" content=\"7 minut\" \/>\n<script type=\"application\/ld+json\" class=\"yoast-schema-graph\">{\"@context\":\"https:\\\/\\\/schema.org\",\"@graph\":[{\"@type\":\"WebPage\",\"@id\":\"https:\\\/\\\/dampol.de\\\/index.php\\\/pawilon-24\\\/\",\"url\":\"https:\\\/\\\/dampol.de\\\/index.php\\\/pawilon-24\\\/\",\"name\":\"Pawilon 24 - B\u00fcrocontainer - Dampol\",\"isPartOf\":{\"@id\":\"https:\\\/\\\/dampol.de\\\/#website\"},\"datePublished\":\"2024-10-04T11:22:35+00:00\",\"dateModified\":\"2026-01-31T08:33:52+00:00\",\"breadcrumb\":{\"@id\":\"https:\\\/\\\/dampol.de\\\/index.php\\\/pawilon-24\\\/#breadcrumb\"},\"inLanguage\":\"pl-PL\",\"potentialAction\":[{\"@type\":\"ReadAction\",\"target\":[\"https:\\\/\\\/dampol.de\\\/index.php\\\/pawilon-24\\\/\"]}]},{\"@type\":\"BreadcrumbList\",\"@id\":\"https:\\\/\\\/dampol.de\\\/index.php\\\/pawilon-24\\\/#breadcrumb\",\"itemListElement\":[{\"@type\":\"ListItem\",\"position\":1,\"name\":\"Home\",\"item\":\"https:\\\/\\\/dampol.de\\\/\"},{\"@type\":\"ListItem\",\"position\":2,\"name\":\"Pawilon 24\"}]},{\"@type\":\"WebSite\",\"@id\":\"https:\\\/\\\/dampol.de\\\/#website\",\"url\":\"https:\\\/\\\/dampol.de\\\/\",\"name\":\"Dampol Pawilony\",\"description\":\"B\u00fcrocontainer   Wir produzieren Container und B\u00fcrocontainer f\u00fcr Unternehmen und Privathaushalte in verschiedenen Gr\u00f6\u00dfen\",\"publisher\":{\"@id\":\"https:\\\/\\\/dampol.de\\\/#organization\"},\"potentialAction\":[{\"@type\":\"SearchAction\",\"target\":{\"@type\":\"EntryPoint\",\"urlTemplate\":\"https:\\\/\\\/dampol.de\\\/?s={search_term_string}\"},\"query-input\":{\"@type\":\"PropertyValueSpecification\",\"valueRequired\":true,\"valueName\":\"search_term_string\"}}],\"inLanguage\":\"pl-PL\"},{\"@type\":\"Organization\",\"@id\":\"https:\\\/\\\/dampol.de\\\/#organization\",\"name\":\"Dampol\",\"url\":\"https:\\\/\\\/dampol.de\\\/\",\"logo\":{\"@type\":\"ImageObject\",\"inLanguage\":\"pl-PL\",\"@id\":\"https:\\\/\\\/dampol.de\\\/#\\\/schema\\\/logo\\\/image\\\/\",\"url\":\"https:\\\/\\\/dampol.de\\\/wp-content\\\/uploads\\\/2020\\\/01\\\/IMG_20191222_132827-7.jpg\",\"contentUrl\":\"https:\\\/\\\/dampol.de\\\/wp-content\\\/uploads\\\/2020\\\/01\\\/IMG_20191222_132827-7.jpg\",\"width\":1800,\"height\":2397,\"caption\":\"Dampol\"},\"image\":{\"@id\":\"https:\\\/\\\/dampol.de\\\/#\\\/schema\\\/logo\\\/image\\\/\"},\"sameAs\":[\"http:\\\/\\\/dampol.de\",\"https:\\\/\\\/x.com\\\/DAMPOL\"]}]}<\/script>\n<!-- \/ Yoast SEO plugin. -->","yoast_head_json":{"title":"Pawilon 24 - B\u00fcrocontainer - Dampol","robots":{"index":"index","follow":"follow","max-snippet":"max-snippet:-1","max-image-preview":"max-image-preview:large","max-video-preview":"max-video-preview:-1"},"canonical":"https:\/\/dampol.de\/index.php\/pawilon-24\/","og_locale":"pl_PL","og_type":"article","og_title":"Pawilon 24 - B\u00fcrocontainer - Dampol","og_description":"PAWILON 24 &nbsp; Moderne Klimaanlage, die per Fernbedienung und \u00fcber die Wi-Fi-Anwendung am Telefon gesteuert wird. Die Klimaanlage verf\u00fcgt \u00fcber Heizoptionen mit Regulierung und Luftionisierung 1099 euro netto\u00a0 &nbsp; Entladen mit unserer Kran\u00a0 &nbsp; &nbsp; Sehr gute Qualit\u00e4t, Wir produzieren seit mehreren Jahren Pavillons Wenn Sie Fragen haben, schreiben Sie uns bitte 6x6 - 21999 [&hellip;]","og_url":"https:\/\/dampol.de\/index.php\/pawilon-24\/","og_site_name":"B\u00fcrocontainer - Dampol","article_publisher":"http:\/\/dampol.de","article_modified_time":"2026-01-31T08:33:52+00:00","twitter_card":"summary_large_image","twitter_site":"@DAMPOL","twitter_misc":{"Szacowany czas czytania":"7 minut"},"schema":{"@context":"https:\/\/schema.org","@graph":[{"@type":"WebPage","@id":"https:\/\/dampol.de\/index.php\/pawilon-24\/","url":"https:\/\/dampol.de\/index.php\/pawilon-24\/","name":"Pawilon 24 - B\u00fcrocontainer - Dampol","isPartOf":{"@id":"https:\/\/dampol.de\/#website"},"datePublished":"2024-10-04T11:22:35+00:00","dateModified":"2026-01-31T08:33:52+00:00","breadcrumb":{"@id":"https:\/\/dampol.de\/index.php\/pawilon-24\/#breadcrumb"},"inLanguage":"pl-PL","potentialAction":[{"@type":"ReadAction","target":["https:\/\/dampol.de\/index.php\/pawilon-24\/"]}]},{"@type":"BreadcrumbList","@id":"https:\/\/dampol.de\/index.php\/pawilon-24\/#breadcrumb","itemListElement":[{"@type":"ListItem","position":1,"name":"Home","item":"https:\/\/dampol.de\/"},{"@type":"ListItem","position":2,"name":"Pawilon 24"}]},{"@type":"WebSite","@id":"https:\/\/dampol.de\/#website","url":"https:\/\/dampol.de\/","name":"Dampol Pawilony","description":"B\u00fcrocontainer   Wir produzieren Container und B\u00fcrocontainer f\u00fcr Unternehmen und Privathaushalte in verschiedenen Gr\u00f6\u00dfen","publisher":{"@id":"https:\/\/dampol.de\/#organization"},"potentialAction":[{"@type":"SearchAction","target":{"@type":"EntryPoint","urlTemplate":"https:\/\/dampol.de\/?s={search_term_string}"},"query-input":{"@type":"PropertyValueSpecification","valueRequired":true,"valueName":"search_term_string"}}],"inLanguage":"pl-PL"},{"@type":"Organization","@id":"https:\/\/dampol.de\/#organization","name":"Dampol","url":"https:\/\/dampol.de\/","logo":{"@type":"ImageObject","inLanguage":"pl-PL","@id":"https:\/\/dampol.de\/#\/schema\/logo\/image\/","url":"https:\/\/dampol.de\/wp-content\/uploads\/2020\/01\/IMG_20191222_132827-7.jpg","contentUrl":"https:\/\/dampol.de\/wp-content\/uploads\/2020\/01\/IMG_20191222_132827-7.jpg","width":1800,"height":2397,"caption":"Dampol"},"image":{"@id":"https:\/\/dampol.de\/#\/schema\/logo\/image\/"},"sameAs":["http:\/\/dampol.de","https:\/\/x.com\/DAMPOL"]}]}},"_links":{"self":[{"href":"https:\/\/dampol.de\/index.php\/wp-json\/wp\/v2\/pages\/2085","targetHints":{"allow":["GET"]}}],"collection":[{"href":"https:\/\/dampol.de\/index.php\/wp-json\/wp\/v2\/pages"}],"about":[{"href":"https:\/\/dampol.de\/index.php\/wp-json\/wp\/v2\/types\/page"}],"author":[{"embeddable":true,"href":"https:\/\/dampol.de\/index.php\/wp-json\/wp\/v2\/users\/1"}],"replies":[{"embeddable":true,"href":"https:\/\/dampol.de\/index.php\/wp-json\/wp\/v2\/comments?post=2085"}],"version-history":[{"count":14,"href":"https:\/\/dampol.de\/index.php\/wp-json\/wp\/v2\/pages\/2085\/revisions"}],"predecessor-version":[{"id":2681,"href":"https:\/\/dampol.de\/index.php\/wp-json\/wp\/v2\/pages\/2085\/revisions\/2681"}],"wp:attachment":[{"href":"https:\/\/dampol.de\/index.php\/wp-json\/wp\/v2\/media?parent=2085"}],"curies":[{"name":"wp","href":"https:\/\/api.w.org\/{rel}","templated":true}]}}