{"id":1900,"date":"2024-06-03T10:58:38","date_gmt":"2024-06-03T08:58:38","guid":{"rendered":"https:\/\/dampol.de\/?page_id=1900"},"modified":"2025-12-14T16:56:16","modified_gmt":"2025-12-14T15:56:16","slug":"pawilon-19","status":"publish","type":"page","link":"https:\/\/dampol.de\/index.php\/pawilon-19\/","title":{"rendered":"PAWILON 19"},"content":{"rendered":"<p>[et_pb_section fb_built=&#8221;1&#8243; _builder_version=&#8221;4.16&#8243; global_colors_info=&#8221;{}&#8221;][et_pb_row column_structure=&#8221;1_3,2_3&#8243; _builder_version=&#8221;4.16&#8243; global_colors_info=&#8221;{}&#8221;][et_pb_column type=&#8221;1_3&#8243; _builder_version=&#8221;4.16&#8243; global_colors_info=&#8221;{}&#8221;][et_pb_text _builder_version=&#8221;4.25.1&#8243; header_font=&#8221;Poppins|600||on|||||&#8221; header_text_color=&#8221;#181724&#8243; header_font_size=&#8221;35px&#8221; header_line_height=&#8221;1.2em&#8221; header_font_size_tablet=&#8221;&#8221; header_font_size_phone=&#8221;25px&#8221; header_font_size_last_edited=&#8221;on|desktop&#8221; global_colors_info=&#8221;{}&#8221;]<\/p>\n<h1>PAVILON 19<\/h1>\n<p>[\/et_pb_text][et_pb_divider color=&#8221;#C11414&#8243; divider_weight=&#8221;4px&#8221; _builder_version=&#8221;4.16&#8243; max_width=&#8221;60px&#8221; module_alignment=&#8221;left&#8221; custom_margin=&#8221;-9px||&#8221; custom_margin_tablet=&#8221;-22px||16px&#8221; custom_margin_phone=&#8221;-24px||15px&#8221; custom_margin_last_edited=&#8221;on|tablet&#8221; global_colors_info=&#8221;{}&#8221;][\/et_pb_divider][et_pb_text _builder_version=&#8221;4.27.4&#8243; text_font=&#8221;Poppins||||||||&#8221; text_text_color=&#8221;#171724&#8243; text_font_size=&#8221;15px&#8221; text_line_height=&#8221;2em&#8221; max_width=&#8221;516px&#8221; max_width_tablet=&#8221;100%&#8221; max_width_phone=&#8221;&#8221; max_width_last_edited=&#8221;on|desktop&#8221; custom_margin=&#8221;-15px||&#8221; custom_padding=&#8221;|||||true&#8221; hover_enabled=&#8221;0&#8243; text_text_align=&#8221;left&#8221; global_colors_info=&#8221;{}&#8221; sticky_enabled=&#8221;0&#8243;]<\/p>\n<h5><span style=\"color: #ff0000;\"><strong>Moderne Klimaanlage per Fernbedienung und \u00fcber WLAN-Anwendung am Telefon steuerbar, Klimaanlage verf\u00fcgt \u00fcber Heizm\u00f6glichkeiten mit Regulierung und Luftionisation, 1.099 Euro netto<\/strong><\/span><\/h5>\n<p><span>Sehr gute Qualit\u00e4t,<\/span><br \/><span>Wir produzieren seit mehreren Jahren Pavillons<\/span><\/p>\n<p><span>Aufbau mit Haken + Entladen mit unserem Kran im Preis des Pavillons enthalten<\/span><\/p>\n<p>6&#215;3 &#8211; 8299euro netto<\/p>\n<p>6X2,5 &#8211; 7999 EURO NETTO<\/p>\n<p>5x3m &#8211; 7799 euro netto<\/p>\n<p>&nbsp;<\/p>\n<p><span>Lieferzeit +\/- 5 Wochen<\/span><\/p>\n<p><span>F\u00fcr Unternehmen mit EU USt-IdNr. wird keine MwSt. berechnet (Preis gleich Mitnahmepreis).<\/span><\/p>\n<p>Wir haben Au\u00dfendekorationen aus Echtholz oder Blechimitat Holz<\/p>\n<p><span>12 Monate Gew\u00e4hrleistung<\/span><\/p>\n<p><span>WC (Toilette + Sp\u00fcle + Schrank f\u00fcr Sp\u00fcle + Warmwasserbereiter) -1099 euro netto<\/span><\/p>\n<p><span>Der Pavillon besteht aus Sandwichelementen mit einem 100 mm dicken Schaumkern. Feuerhemmendes Polystyrolschaum mit Feuerwiderstandsklasse E60 &#8211; RAL 7016 Anthrazit (Graphit) &#8211; . Styropor nicht brandausbreitend mit Feuerwiderstandsklasse E60: RAL-Au\u00dfenfarbe zu bestimmen.<\/span><\/p>\n<p><span>Der Boden besteht aus Sandwichelementen mit einem Kern aus 100 mm Polyurethan. W\u00e4rmedurchl\u00e4ssigkeit 0,21 W \/ m2K. Feuerhemmendes Polyurethan mit PVC-Bodenbelag der Feuerwiderstandsklasse E60 OSB 12 mm.<\/span><\/p>\n<p><span>.LED-Beleuchtung ( 2x 36w )<\/span><br \/><span>12 Monate Gew\u00e4hrleistung<\/span><br \/><span>Verkaufspavillon Verkaufscontainer B\u00fcrocontainer Handel Kiosk Designerb\u00fcro<\/span><\/p>\n<p><span>Klimaanlage mit Heizm\u00f6glichkeit an kalten Tagen &#8211; 1099 euro netto<\/span><\/p>\n<p>&nbsp;<\/p>\n<p><span>Pavillons mit voller Elektrik &#8211; Schalter x 2 Stk., Doppelsteckdose x 2 Stk. Kasten mit Sicherungen, alle in Streifen verteilt.<\/span><br \/><span>Sites x2 + verglaste Aluminiumt\u00fcren.<\/span><\/p>\n<p><span>Bei Ausf\u00fchrung der Bestellung ist zun\u00e4chst eine Zahlung von 15% auf das Konto Der Restbetrag ist bei Lieferung zu zahlen<\/span><\/p>\n<p>[\/et_pb_text][\/et_pb_column][et_pb_column type=&#8221;2_3&#8243; _builder_version=&#8221;4.16&#8243; global_colors_info=&#8221;{}&#8221;][et_pb_gallery gallery_ids=&#8221;2413,2416,2415,1461,1478,1444,1805,1804&#8243; posts_number=&#8221;25&#8243; show_title_and_caption=&#8221;off&#8221; show_pagination=&#8221;off&#8221; zoom_icon_color=&#8221;#000000&#8243; hover_overlay_color=&#8221;rgba(255,255,255,0.49)&#8221; hover_icon=&#8221;&#x54;||divi||400&#8243; _builder_version=&#8221;4.27.4&#8243; global_colors_info=&#8221;{}&#8221;][\/et_pb_gallery][\/et_pb_column][\/et_pb_row][\/et_pb_section][et_pb_section fb_built=&#8221;1&#8243; _builder_version=&#8221;4.16&#8243; background_color=&#8221;#15224D&#8221; custom_padding=&#8221;24px||24px||true&#8221; global_colors_info=&#8221;{}&#8221;][et_pb_row use_custom_gutter=&#8221;on&#8221; gutter_width=&#8221;2&#8243; make_equal=&#8221;on&#8221; _builder_version=&#8221;4.16&#8243; width=&#8221;98%&#8221; width_tablet=&#8221;90%&#8221; width_phone=&#8221;90%&#8221; width_last_edited=&#8221;on|tablet&#8221; max_width=&#8221;1140px&#8221; max_width_tablet=&#8221;90%&#8221; max_width_phone=&#8221;90%&#8221; max_width_last_edited=&#8221;on|phone&#8221; custom_padding=&#8221;|||||&#8221; global_colors_info=&#8221;{}&#8221;][et_pb_column type=&#8221;4_4&#8243; _builder_version=&#8221;4.16&#8243; global_colors_info=&#8221;{}&#8221;][et_pb_text _builder_version=&#8221;4.16&#8243; header_font=&#8221;Poppins|600||on|||||&#8221; header_text_align=&#8221;left&#8221; header_text_color=&#8221;#ffffff&#8221; header_font_size=&#8221;28px&#8221; header_line_height=&#8221;1.2em&#8221; custom_padding=&#8221;5px||&#8221; header_font_size_tablet=&#8221;&#8221; header_font_size_phone=&#8221;25px&#8221; header_font_size_last_edited=&#8221;on|desktop&#8221; global_colors_info=&#8221;{}&#8221;]<\/p>\n<h1 style=\"text-align: center;\">E-mail<\/p>\n<p>KOMMERZIELLE PAVILLONS<br \/>\n<\/h1>\n<p>[\/et_pb_text][\/et_pb_column][\/et_pb_row][\/et_pb_section]<\/p>\n","protected":false},"excerpt":{"rendered":"<p>PAVILON 19Moderne Klimaanlage per Fernbedienung und \u00fcber WLAN-Anwendung am Telefon steuerbar, Klimaanlage verf\u00fcgt \u00fcber Heizm\u00f6glichkeiten mit Regulierung und Luftionisation, 1.099 Euro netto Sehr gute Qualit\u00e4t,Wir produzieren seit mehreren Jahren Pavillons Aufbau mit Haken + Entladen mit unserem Kran im Preis des Pavillons enthalten 6&#215;3 &#8211; 8299euro netto 6X2,5 &#8211; 7999 EURO NETTO 5x3m &#8211; 7799 [&hellip;]<\/p>\n","protected":false},"author":1,"featured_media":0,"parent":0,"menu_order":0,"comment_status":"closed","ping_status":"closed","template":"","meta":{"_et_pb_use_builder":"on","_et_pb_old_content":"[et_pb_section fb_built=\"1\" _builder_version=\"4.16\" global_colors_info=\"{}\"][et_pb_row column_structure=\"1_3,2_3\" _builder_version=\"4.16\" global_colors_info=\"{}\"][et_pb_column type=\"1_3\" _builder_version=\"4.16\" global_colors_info=\"{}\"][et_pb_text _builder_version=\"4.21.0\" header_font=\"Poppins|600||on|||||\" header_text_color=\"#181724\" header_font_size=\"35px\" header_line_height=\"1.2em\" header_font_size_tablet=\"\" header_font_size_phone=\"25px\" header_font_size_last_edited=\"on|desktop\" global_colors_info=\"{}\"]<h1>PAVILON 15<\/h1>[\/et_pb_text][et_pb_divider color=\"#C11414\" divider_weight=\"4px\" _builder_version=\"4.16\" max_width=\"60px\" module_alignment=\"left\" custom_margin=\"-9px||\" custom_margin_tablet=\"-22px||16px\" custom_margin_phone=\"-24px||15px\" custom_margin_last_edited=\"on|tablet\" global_colors_info=\"{}\"][\/et_pb_divider][et_pb_text _builder_version=\"4.25.0\" text_font=\"Poppins||||||||\" text_text_color=\"#171724\" text_font_size=\"15px\" text_line_height=\"2em\" max_width=\"516px\" max_width_tablet=\"100%\" max_width_phone=\"\" max_width_last_edited=\"on|desktop\" custom_margin=\"-15px||\" custom_padding=\"|||||true\" hover_enabled=\"0\" text_text_align=\"left\" global_colors_info=\"{}\" sticky_enabled=\"0\"]<h5><span style=\"color: #ff0000;\"><strong>Moderne Klimaanlage per Fernbedienung und \u00fcber WLAN-Anwendung am Telefon steuerbar, Klimaanlage verf\u00fcgt \u00fcber Heizm\u00f6glichkeiten mit Regulierung und Luftionisation, 1.099 Euro netto<\/strong><\/span><\/h5>\r\n<p><span>Sehr gute Qualit\u00e4t,<\/span><br \/><span>Wir produzieren seit mehreren Jahren Pavillons<\/span><\/p>\r\n<p><span>Aufbau mit Haken + Entladen mit unserem Kran im Preis des Pavillons enthalten<\/span><\/p>\r\n<p>7x3 - 9999 euro netto<\/p>\r\n<p><span>Lieferzeit +\/- 5 Wochen<\/span><\/p>\r\n<p><span>F\u00fcr Unternehmen mit EU USt-IdNr. wird keine MwSt. berechnet (Preis gleich Mitnahmepreis).<\/span><\/p>\r\n<p>&nbsp;<\/p>\r\n<p><span>12 Monate Gew\u00e4hrleistung<\/span><\/p>\r\n<p><span>WC (Toilette + Sp\u00fcle + Schrank f\u00fcr Sp\u00fcle + Warmwasserbereiter) -1299 euro netto<\/span><\/p>\r\n<p><span>Der Pavillon besteht aus Sandwichelementen mit einem 100 mm dicken Schaumkern. Feuerhemmendes Polystyrolschaum mit Feuerwiderstandsklasse E60 - RAL 7016 Anthrazit (Graphit) - . Styropor nicht brandausbreitend mit Feuerwiderstandsklasse E60: RAL-Au\u00dfenfarbe zu bestimmen.<\/span><\/p>\r\n<p><span>Der Boden besteht aus Sandwichelementen mit einem Kern aus 100 mm Polyurethan. W\u00e4rmedurchl\u00e4ssigkeit 0,21 W \/ m2K. Feuerhemmendes Polyurethan mit PVC-Bodenbelag der Feuerwiderstandsklasse E60 OSB 12 mm.<\/span><\/p>\r\n<p><span>.LED-Beleuchtung ( 2x 36w )<\/span><br \/><span>12 Monate Gew\u00e4hrleistung<\/span><br \/><span>Verkaufspavillon Verkaufscontainer B\u00fcrocontainer Handel Kiosk Designerb\u00fcro<\/span><\/p>\r\n<p><span>Klimaanlage mit Heizm\u00f6glichkeit an kalten Tagen - 1099 euro netto<\/span><\/p>\r\n<p>&nbsp;<\/p>\r\n<p><span>Pavillons mit voller Elektrik - Schalter x 2 Stk., Doppelsteckdose x 2 Stk. Kasten mit Sicherungen, alle in Streifen verteilt.<\/span><br \/><span>Sites x2 + verglaste Aluminiumt\u00fcren.<\/span><\/p>\r\n<p><span>Bei Ausf\u00fchrung der Bestellung ist zun\u00e4chst eine Zahlung von 15% auf das Konto Der Restbetrag ist bei Lieferung zu zahlen<\/span><\/p>[\/et_pb_text][\/et_pb_column][et_pb_column type=\"2_3\" _builder_version=\"4.16\" global_colors_info=\"{}\"][et_pb_gallery gallery_ids=\"1884,1883,1882,1461,1478,1444,1805,1804,1887\" posts_number=\"25\" show_title_and_caption=\"off\" show_pagination=\"off\" zoom_icon_color=\"#000000\" hover_overlay_color=\"rgba(255,255,255,0.49)\" hover_icon=\"&#x54;||divi||400\" _builder_version=\"4.25.0\" hover_enabled=\"0\" global_colors_info=\"{}\" sticky_enabled=\"0\"][\/et_pb_gallery][\/et_pb_column][\/et_pb_row][\/et_pb_section][et_pb_section fb_built=\"1\" _builder_version=\"4.16\" background_color=\"#15224D\" custom_padding=\"24px||24px||true\" global_colors_info=\"{}\"][et_pb_row use_custom_gutter=\"on\" gutter_width=\"2\" make_equal=\"on\" _builder_version=\"4.16\" width=\"98%\" width_tablet=\"90%\" width_phone=\"90%\" width_last_edited=\"on|tablet\" max_width=\"1140px\" max_width_tablet=\"90%\" max_width_phone=\"90%\" max_width_last_edited=\"on|phone\" custom_padding=\"|||||\" global_colors_info=\"{}\"][et_pb_column type=\"4_4\" _builder_version=\"4.16\" global_colors_info=\"{}\"][et_pb_text _builder_version=\"4.16\" header_font=\"Poppins|600||on|||||\" header_text_align=\"left\" header_text_color=\"#ffffff\" header_font_size=\"28px\" header_line_height=\"1.2em\" custom_padding=\"5px||\" header_font_size_tablet=\"\" header_font_size_phone=\"25px\" header_font_size_last_edited=\"on|desktop\" global_colors_info=\"{}\"]<h1 style=\"text-align: center;\">E-mail\r\n\r\nKOMMERZIELLE PAVILLONS\r\n<\/h1>[\/et_pb_text][\/et_pb_column][\/et_pb_row][\/et_pb_section]","_et_gb_content_width":"","footnotes":""},"class_list":["post-1900","page","type-page","status-publish","hentry"],"yoast_head":"<!-- This site is optimized with the Yoast SEO plugin v27.5 - https:\/\/yoast.com\/product\/yoast-seo-wordpress\/ -->\n<title>PAWILON 19 - B\u00fcrocontainer - Dampol<\/title>\n<meta name=\"robots\" content=\"index, follow, max-snippet:-1, max-image-preview:large, max-video-preview:-1\" \/>\n<link rel=\"canonical\" href=\"https:\/\/dampol.de\/index.php\/pawilon-19\/\" \/>\n<meta property=\"og:locale\" content=\"pl_PL\" \/>\n<meta property=\"og:type\" content=\"article\" \/>\n<meta property=\"og:title\" content=\"PAWILON 19 - B\u00fcrocontainer - Dampol\" \/>\n<meta property=\"og:description\" content=\"PAVILON 19Moderne Klimaanlage per Fernbedienung und \u00fcber WLAN-Anwendung am Telefon steuerbar, Klimaanlage verf\u00fcgt \u00fcber Heizm\u00f6glichkeiten mit Regulierung und Luftionisation, 1.099 Euro netto Sehr gute Qualit\u00e4t,Wir produzieren seit mehreren Jahren Pavillons Aufbau mit Haken + Entladen mit unserem Kran im Preis des Pavillons enthalten 6x3 - 8299euro netto 6X2,5 - 7999 EURO NETTO 5x3m - 7799 [&hellip;]\" \/>\n<meta property=\"og:url\" content=\"https:\/\/dampol.de\/index.php\/pawilon-19\/\" \/>\n<meta property=\"og:site_name\" content=\"B\u00fcrocontainer - Dampol\" \/>\n<meta property=\"article:publisher\" content=\"http:\/\/dampol.de\" \/>\n<meta property=\"article:modified_time\" content=\"2025-12-14T15:56:16+00:00\" \/>\n<meta name=\"twitter:card\" content=\"summary_large_image\" \/>\n<meta name=\"twitter:site\" content=\"@DAMPOL\" \/>\n<meta name=\"twitter:label1\" content=\"Szacowany czas czytania\" \/>\n\t<meta name=\"twitter:data1\" content=\"3 minuty\" \/>\n<script type=\"application\/ld+json\" class=\"yoast-schema-graph\">{\"@context\":\"https:\\\/\\\/schema.org\",\"@graph\":[{\"@type\":\"WebPage\",\"@id\":\"https:\\\/\\\/dampol.de\\\/index.php\\\/pawilon-19\\\/\",\"url\":\"https:\\\/\\\/dampol.de\\\/index.php\\\/pawilon-19\\\/\",\"name\":\"PAWILON 19 - B\u00fcrocontainer - Dampol\",\"isPartOf\":{\"@id\":\"https:\\\/\\\/dampol.de\\\/#website\"},\"datePublished\":\"2024-06-03T08:58:38+00:00\",\"dateModified\":\"2025-12-14T15:56:16+00:00\",\"breadcrumb\":{\"@id\":\"https:\\\/\\\/dampol.de\\\/index.php\\\/pawilon-19\\\/#breadcrumb\"},\"inLanguage\":\"pl-PL\",\"potentialAction\":[{\"@type\":\"ReadAction\",\"target\":[\"https:\\\/\\\/dampol.de\\\/index.php\\\/pawilon-19\\\/\"]}]},{\"@type\":\"BreadcrumbList\",\"@id\":\"https:\\\/\\\/dampol.de\\\/index.php\\\/pawilon-19\\\/#breadcrumb\",\"itemListElement\":[{\"@type\":\"ListItem\",\"position\":1,\"name\":\"Home\",\"item\":\"https:\\\/\\\/dampol.de\\\/\"},{\"@type\":\"ListItem\",\"position\":2,\"name\":\"PAWILON 19\"}]},{\"@type\":\"WebSite\",\"@id\":\"https:\\\/\\\/dampol.de\\\/#website\",\"url\":\"https:\\\/\\\/dampol.de\\\/\",\"name\":\"Dampol Pawilony\",\"description\":\"B\u00fcrocontainer   Wir produzieren Container und B\u00fcrocontainer f\u00fcr Unternehmen und Privathaushalte in verschiedenen Gr\u00f6\u00dfen\",\"publisher\":{\"@id\":\"https:\\\/\\\/dampol.de\\\/#organization\"},\"potentialAction\":[{\"@type\":\"SearchAction\",\"target\":{\"@type\":\"EntryPoint\",\"urlTemplate\":\"https:\\\/\\\/dampol.de\\\/?s={search_term_string}\"},\"query-input\":{\"@type\":\"PropertyValueSpecification\",\"valueRequired\":true,\"valueName\":\"search_term_string\"}}],\"inLanguage\":\"pl-PL\"},{\"@type\":\"Organization\",\"@id\":\"https:\\\/\\\/dampol.de\\\/#organization\",\"name\":\"Dampol\",\"url\":\"https:\\\/\\\/dampol.de\\\/\",\"logo\":{\"@type\":\"ImageObject\",\"inLanguage\":\"pl-PL\",\"@id\":\"https:\\\/\\\/dampol.de\\\/#\\\/schema\\\/logo\\\/image\\\/\",\"url\":\"https:\\\/\\\/dampol.de\\\/wp-content\\\/uploads\\\/2020\\\/01\\\/IMG_20191222_132827-7.jpg\",\"contentUrl\":\"https:\\\/\\\/dampol.de\\\/wp-content\\\/uploads\\\/2020\\\/01\\\/IMG_20191222_132827-7.jpg\",\"width\":1800,\"height\":2397,\"caption\":\"Dampol\"},\"image\":{\"@id\":\"https:\\\/\\\/dampol.de\\\/#\\\/schema\\\/logo\\\/image\\\/\"},\"sameAs\":[\"http:\\\/\\\/dampol.de\",\"https:\\\/\\\/x.com\\\/DAMPOL\"]}]}<\/script>\n<!-- \/ Yoast SEO plugin. -->","yoast_head_json":{"title":"PAWILON 19 - B\u00fcrocontainer - Dampol","robots":{"index":"index","follow":"follow","max-snippet":"max-snippet:-1","max-image-preview":"max-image-preview:large","max-video-preview":"max-video-preview:-1"},"canonical":"https:\/\/dampol.de\/index.php\/pawilon-19\/","og_locale":"pl_PL","og_type":"article","og_title":"PAWILON 19 - B\u00fcrocontainer - Dampol","og_description":"PAVILON 19Moderne Klimaanlage per Fernbedienung und \u00fcber WLAN-Anwendung am Telefon steuerbar, Klimaanlage verf\u00fcgt \u00fcber Heizm\u00f6glichkeiten mit Regulierung und Luftionisation, 1.099 Euro netto Sehr gute Qualit\u00e4t,Wir produzieren seit mehreren Jahren Pavillons Aufbau mit Haken + Entladen mit unserem Kran im Preis des Pavillons enthalten 6x3 - 8299euro netto 6X2,5 - 7999 EURO NETTO 5x3m - 7799 [&hellip;]","og_url":"https:\/\/dampol.de\/index.php\/pawilon-19\/","og_site_name":"B\u00fcrocontainer - Dampol","article_publisher":"http:\/\/dampol.de","article_modified_time":"2025-12-14T15:56:16+00:00","twitter_card":"summary_large_image","twitter_site":"@DAMPOL","twitter_misc":{"Szacowany czas czytania":"3 minuty"},"schema":{"@context":"https:\/\/schema.org","@graph":[{"@type":"WebPage","@id":"https:\/\/dampol.de\/index.php\/pawilon-19\/","url":"https:\/\/dampol.de\/index.php\/pawilon-19\/","name":"PAWILON 19 - B\u00fcrocontainer - Dampol","isPartOf":{"@id":"https:\/\/dampol.de\/#website"},"datePublished":"2024-06-03T08:58:38+00:00","dateModified":"2025-12-14T15:56:16+00:00","breadcrumb":{"@id":"https:\/\/dampol.de\/index.php\/pawilon-19\/#breadcrumb"},"inLanguage":"pl-PL","potentialAction":[{"@type":"ReadAction","target":["https:\/\/dampol.de\/index.php\/pawilon-19\/"]}]},{"@type":"BreadcrumbList","@id":"https:\/\/dampol.de\/index.php\/pawilon-19\/#breadcrumb","itemListElement":[{"@type":"ListItem","position":1,"name":"Home","item":"https:\/\/dampol.de\/"},{"@type":"ListItem","position":2,"name":"PAWILON 19"}]},{"@type":"WebSite","@id":"https:\/\/dampol.de\/#website","url":"https:\/\/dampol.de\/","name":"Dampol Pawilony","description":"B\u00fcrocontainer   Wir produzieren Container und B\u00fcrocontainer f\u00fcr Unternehmen und Privathaushalte in verschiedenen Gr\u00f6\u00dfen","publisher":{"@id":"https:\/\/dampol.de\/#organization"},"potentialAction":[{"@type":"SearchAction","target":{"@type":"EntryPoint","urlTemplate":"https:\/\/dampol.de\/?s={search_term_string}"},"query-input":{"@type":"PropertyValueSpecification","valueRequired":true,"valueName":"search_term_string"}}],"inLanguage":"pl-PL"},{"@type":"Organization","@id":"https:\/\/dampol.de\/#organization","name":"Dampol","url":"https:\/\/dampol.de\/","logo":{"@type":"ImageObject","inLanguage":"pl-PL","@id":"https:\/\/dampol.de\/#\/schema\/logo\/image\/","url":"https:\/\/dampol.de\/wp-content\/uploads\/2020\/01\/IMG_20191222_132827-7.jpg","contentUrl":"https:\/\/dampol.de\/wp-content\/uploads\/2020\/01\/IMG_20191222_132827-7.jpg","width":1800,"height":2397,"caption":"Dampol"},"image":{"@id":"https:\/\/dampol.de\/#\/schema\/logo\/image\/"},"sameAs":["http:\/\/dampol.de","https:\/\/x.com\/DAMPOL"]}]}},"_links":{"self":[{"href":"https:\/\/dampol.de\/index.php\/wp-json\/wp\/v2\/pages\/1900","targetHints":{"allow":["GET"]}}],"collection":[{"href":"https:\/\/dampol.de\/index.php\/wp-json\/wp\/v2\/pages"}],"about":[{"href":"https:\/\/dampol.de\/index.php\/wp-json\/wp\/v2\/types\/page"}],"author":[{"embeddable":true,"href":"https:\/\/dampol.de\/index.php\/wp-json\/wp\/v2\/users\/1"}],"replies":[{"embeddable":true,"href":"https:\/\/dampol.de\/index.php\/wp-json\/wp\/v2\/comments?post=1900"}],"version-history":[{"count":11,"href":"https:\/\/dampol.de\/index.php\/wp-json\/wp\/v2\/pages\/1900\/revisions"}],"predecessor-version":[{"id":2654,"href":"https:\/\/dampol.de\/index.php\/wp-json\/wp\/v2\/pages\/1900\/revisions\/2654"}],"wp:attachment":[{"href":"https:\/\/dampol.de\/index.php\/wp-json\/wp\/v2\/media?parent=1900"}],"curies":[{"name":"wp","href":"https:\/\/api.w.org\/{rel}","templated":true}]}}